{"id":107,"date":"2018-07-17T10:04:58","date_gmt":"2018-07-17T08:04:58","guid":{"rendered":"https:\/\/jocoenfer.coecadiz.com\/?page_id=107"},"modified":"2025-07-25T11:26:04","modified_gmt":"2025-07-25T09:26:04","slug":"presentacion-de-trabajos","status":"publish","type":"page","link":"https:\/\/jocoenfer.coecadiz.com\/?page_id=107","title":{"rendered":"Presentaci\u00f3n de Trabajos"},"content":{"rendered":"<p><img loading=\"lazy\" class=\"aligncenter wp-image-124 size-full\" src=\"https:\/\/jocoenfer.coecadiz.com\/wp-content\/uploads\/2018\/07\/banner-endica16_2.jpg\" alt=\"\" width=\"1243\" height=\"301\" srcset=\"https:\/\/jocoenfer.coecadiz.com\/wp-content\/uploads\/2018\/07\/banner-endica16_2.jpg 1243w, https:\/\/jocoenfer.coecadiz.com\/wp-content\/uploads\/2018\/07\/banner-endica16_2-300x73.jpg 300w, https:\/\/jocoenfer.coecadiz.com\/wp-content\/uploads\/2018\/07\/banner-endica16_2-768x186.jpg 768w, https:\/\/jocoenfer.coecadiz.com\/wp-content\/uploads\/2018\/07\/banner-endica16_2-1024x248.jpg 1024w\" sizes=\"(max-width: 1243px) 100vw, 1243px\" \/><\/p>\n<p style=\"text-align: justify;\">A las VII Jornadas sobre Conocimiento Enfermero se podr\u00e1n presentar todo tipo de trabajos de investigaci\u00f3n: Publicaciones, Ensayos cl\u00ednicos, Trabajos Fin de Grado, Fin de M\u00e1ster o Tesis doctorales.<\/p>\n<p style=\"text-align: justify;\">De esta manera, se pretende entremezclar los puntos de vista de distintas generaciones de enfermeros y dar a conocer la producci\u00f3n cient\u00edfica del colectivo profesional de la provincia de C\u00e1diz.<\/p>\n<p style=\"text-align: justify;\">El requisito indispensable es que dicho trabajo no sea in\u00e9dito y haya sido publicado entre el 1 de julio de 2023 y el 30 de junio de 2025, salvo en el caso de los TFG donde el periodo acad\u00e9mico admitido es el 2023\/2024 y 2024\/2025.<\/p>\n<p style=\"text-align: center;\"><strong>BASES GENERALES PRESENTACI\u00d3N DE TRABAJOS <\/strong><\/p>\n<p style=\"text-align: center;\"><strong>VII JORNADAS SOBRE CONOCIMIENTO ENFERMERO \u201cCompartir para avanzar\u201d<\/strong><\/p>\n<p style=\"text-align: justify;\">Las Jornadas sobre Conocimiento Enfermero son un foro para la difusi\u00f3n y visibilidad de la investigaci\u00f3n <strong>enfermera<\/strong> en el \u00e1mbito de la provincia de C\u00e1diz.<\/p>\n<p style=\"text-align: justify;\">El prop\u00f3sito fundamental de este evento cient\u00edfico es compartir los resultados de la investigaci\u00f3n que desarrollan las enfermeras y enfermeros de la provincia y establecer sinergias entre profesionales que comparten las mismas inquietudes: <strong>investigar para<\/strong> <strong>que los cuidados enfermeros sean excelentes<\/strong>.<\/p>\n<p style=\"text-align: justify;\">Y como reconocimiento y motivaci\u00f3n al desarrollo investigador se con<\/p>\n<p style=\"text-align: justify;\">A estas jornadas est\u00e1n convocados a presentar y compartir sus trabajos, los enfermeros y enfermeras que sean <strong>autor\/es <\/strong>de los mismos, y est\u00e9n colegiados en C\u00e1diz<strong>, <\/strong>y cuyo trabajo re\u00fana los <strong>requisitos establecidos<\/strong> en cada una de las modalidades de trabajo:<\/p>\n<p>Modalidades:<\/p>\n<ul>\n<li>Trabajos que <strong>hayan sido publicados y\/o difundidos <\/strong>tanto en revista cient\u00edfica como en un evento cient\u00edfico (Jornadas, y congresos) en el periodo comprendido entre el 1 <strong>de julio de 2023 a 30 de junio de 2025<\/strong>).<\/li>\n<li>Publicaciones en revistas cient\u00edficas indexadas. Se excluyen editoriales, cartas al director o art\u00edculos de opini\u00f3n.<\/li>\n<li>Eventos cient\u00edficos de \u00e1mbito nacional o internacional tanto en modalidad presencial como virtual<\/li>\n<\/ul>\n<p>Al tratarse de un trabajo no in\u00e9dito s\u00f3lo se certifica su presentaci\u00f3n a uno de los autores, la persona que lo solicite a trav\u00e9s del formulario espec\u00edfico.<\/p>\n<ul>\n<li>Resultados de <strong>tesis doctorales<\/strong>, trabajos <strong>fin de M\u00e1ster y de EIR <\/strong>que se hayan defendido y aprobados en el \u00e1mbito acad\u00e9mico o de la especialidad, en el periodo 1 <strong>de julio de 2023 a 30 de junio de 2025.<\/strong><\/li>\n<li><strong>Trabajos Fin de Grado<\/strong> de Enfermer\u00eda que se hayan defendido y aprobado de los <strong>cursos acad\u00e9micos 2023\/24 y 2024\/2025.<\/strong> En esta modalidad, si el TFG ha sido realizado y defendido por dos autores\/as en la Facultad, se permite que pueda ser presentado por los dos.<\/li>\n<li><strong>Proyectos de investigaci\u00f3n<\/strong> en activo cuyo investigador principal sea enfermero\/a y que haya sido autorizado por el Comit\u00e9 de \u00c9tica de la investigaci\u00f3n (en caso de haber obtenido financiaci\u00f3n para su desarrollo se especificar\u00e1 la fuente de financiaci\u00f3n).<\/li>\n<\/ul>\n<p>Se podr\u00e1n presentar hasta 3 comunicaciones por persona, indicando en la solicitud el orden de prioridad para la presentaci\u00f3n en caso de que por limitaci\u00f3n de espacio y tiempo sea necesario acotar el n\u00famero de comunicaciones.<\/p>\n<p>Las personas interesadas en difundir su trabajo deben cumplimentar el formulario en la p\u00e1gina web de las Jornadas y la plantilla espec\u00edfica, as\u00ed como adjuntar la informaci\u00f3n que se solicita de cada modalidad de trabajo antes del 14 de septiembre de 2025.<\/p>\n<p><strong>Se admitir\u00e1n todos los trabajos<\/strong> que se presenten si:<\/p>\n<ul>\n<li>Son trabajos relacionados con la pr\u00e1ctica enfermera<\/li>\n<li>Cumple los requisitos de la modalidad que se presenta<\/li>\n<li>Los\/las autores\/as son enfermeros\/as colegiados en la provincia de C\u00e1diz . (En el caso de los autores de TFG se admitir\u00e1n aunque no est\u00e9n colegiados en C\u00e1diz si han realizado los estudios de Grado en las facultades de la provincia de C\u00e1diz)<\/li>\n<li>Se ha solicitado a trav\u00e9s del formulario y plantilla espec\u00edfica adjuntando la documentaci\u00f3n que se solicite en cada modalidad.<\/li>\n<li>Se ha realizado la solicitud en el plazo establecido<\/li>\n<\/ul>\n<p style=\"text-align: justify;\">El Comit\u00e9 Cient\u00edfico seleccionar\u00e1 los trabajos (de todas las modalidades) que formar\u00e1n parte de las mesas de comunicaciones orales. La gran mayor\u00eda de los trabajos se difundir\u00e1n en <strong>formato p\u00f3ster<\/strong> con las caracter\u00edsticas establecidas por la organizaci\u00f3n.<\/p>\n<p style=\"text-align: justify;\">Desde la organizaci\u00f3n se contactar\u00e1\u00a0 con los\/ las autores\/as de los trabajos para informar sobre la aceptaci\u00f3n del trabajo y todos los aspectos cient\u00edficos, organizativos y log\u00edsticos necesarios para su presentaci\u00f3n.<\/p>\n<p style=\"text-align: justify;\">Las Jornadas se publicar\u00e1n en la revista Paraninfo Digital incluida en la base de datos CUIDEN, en la Hemeroteca Cant\u00e1rida y en fondo de revistas a texto completo SUMMA CUIDEN. Adem\u00e1s, cuenta con \u00edndice de impacto en el repertorio CUIDEN CITACI\u00d3N.<\/p>\n<p style=\"text-align: justify;\">Todas las Comunicaciones que est\u00e9n aceptadas en el congreso podr\u00e1n optar a Premio que se dar\u00e1n a conocer al finalizar las jornadas. Los premios est\u00e1n agrupados en las siguientes modalidades:<\/p>\n<p><strong>&#8211; Premio Grupo 1 : Trabajos Fin de Grado, Trabajos Fin de M\u00e1ster, Fin de Diploma y Trabajos Fin EIR.<\/strong><\/p>\n<p>1\u00ba Premio dotado con 500 euros.<\/p>\n<p>2\u00ba Premio dotado con 300 euros.<\/p>\n<p><strong>\u2013 Premio Grupo 2: Trabajos presentados a eventos cient\u00edficos<\/strong><\/p>\n<p>1\u00ba Premio dotado con 500 euros. A la mejor comunicaci\u00f3n que se haya presentado en formato comunicaci\u00f3n oral en evento cient\u00edfico.<\/p>\n<p>2\u00ba Premio dotado con 300 euros. A la mejor comunicaci\u00f3n que se haya presentado en formato p\u00f3ster en evento cient\u00edfico.<\/p>\n<p><strong>&#8211; Premio Grupo 3: Publicaci\u00f3n en revista cient\u00edfica.<\/strong><\/p>\n<p>1\u00ba Premio dotado con 500 euros.<\/p>\n<p>2\u00ba Premio dotado con 300 euros.<\/p>\n<p><strong>&#8211; Premio Grupo 4 : Tesis doctorales y Proyectos de investigaci\u00f3n en activo.<\/strong><\/p>\n<p>1\u00ba Premio dotado con 500 euros.<\/p>\n<p>2\u00ba Premio dotado con 300 euros.<\/p>\n<p style=\"text-align: justify;\">La valoraci\u00f3n para el premio por parte del Comit\u00e9 Cient\u00edfico se compone de un 80% de puntuaci\u00f3n que se obtiene sobre los criterios aprobados y un 20 % sobre la presentaci\u00f3n (oral o p\u00f3ster) que se realice en las Jornadas.<\/p>\n<p style=\"text-align: justify;\">Los miembros del Comit\u00e9 cient\u00edfico pueden presentar sus trabajos de investigaci\u00f3n aunque no pueden ser premiados.<\/p>\n<p style=\"text-align: justify;\">En los casos de que alg\u00fan miembro del Comit\u00e9 Cient\u00edfico\u00a0 tenga relaci\u00f3n con alg\u00fan trabajo de los presentados ya sea porque\u00a0 sea tutor de trabajo acad\u00e9mico, miembro del equipo de investigaci\u00f3n, o coautor de la publicaci\u00f3n o comunicaci\u00f3n ser\u00e1 retirado de evaluar dicho trabajo para evitar los posibles conflictos de intereses.<\/p>\n<p>El Colegio de Enfermer\u00eda expedir\u00e1 <strong>un certificado de comunicante (oral o p\u00f3ster) a la persona que realice la comunicaci\u00f3n . <\/strong><strong>Todos los premios incluir\u00e1n certificado acreditativo<\/strong><\/p>\n<p>El env\u00edo de un trabajo conlleva el conocimiento y aceptaci\u00f3n de esta normativa.<\/p>\n<p>Las personas que presentan trabajos tienen adem\u00e1s que inscribirse en las Jornadas a trav\u00e9s de la p\u00e1gina web.<\/p>\n<p>Informaci\u00f3n adicional:<\/p>\n<p>Los premios en met\u00e1lico est\u00e1n sujetos a retenci\u00f3n de IRPF, seg\u00fan normativa de la Agencia Tributaria. El premiado asumir\u00e1 dicho tributo.<\/p>\n<p>Los premios podr\u00e1n ser declarados desiertos en el caso de que el Comit\u00e9 Cient\u00edfico lo considere oportuno.<\/p>\n<p>El fallo del Comit\u00e9 Cient\u00edfico ser\u00e1 inapelable y la participaci\u00f3n en la convocatoria supone la aceptaci\u00f3n de las bases aqu\u00ed expuestas.<\/p>\n<table>\n<tbody>\n<tr>\n<td>Descarga plantilla para trabajos in\u00e9ditos (Formato Word)<\/td>\n<td><a href=\"https:\/\/jocoenfer.coecadiz.com\/wp-content\/uploads\/2023\/08\/plantilla-para-trabajos-ineditos-2023-2.doc\"><img loading=\"lazy\" class=\"aligncenter wp-image-375\" src=\"https:\/\/jocoenfer.coecadiz.com\/wp-content\/uploads\/2019\/07\/descarga-300x300.png\" alt=\"\" width=\"44\" height=\"44\" srcset=\"https:\/\/jocoenfer.coecadiz.com\/wp-content\/uploads\/2019\/07\/descarga-300x300.png 300w, https:\/\/jocoenfer.coecadiz.com\/wp-content\/uploads\/2019\/07\/descarga-150x150.png 150w, https:\/\/jocoenfer.coecadiz.com\/wp-content\/uploads\/2019\/07\/descarga.png 512w\" sizes=\"(max-width: 44px) 100vw, 44px\" \/><\/a><\/td>\n<\/tr>\n<tr>\n<td>Descarga plantilla para trabajos ya publicados (Formato Word)<\/td>\n<td><a href=\"https:\/\/jocoenfer.coecadiz.com\/wp-content\/uploads\/2023\/08\/Plantilla-para-resumen-de-trabajos-ya-publicados-2023.doc\"><img loading=\"lazy\" class=\"aligncenter wp-image-375\" src=\"https:\/\/jocoenfer.coecadiz.com\/wp-content\/uploads\/2019\/07\/descarga-300x300.png\" alt=\"\" width=\"44\" height=\"44\" srcset=\"https:\/\/jocoenfer.coecadiz.com\/wp-content\/uploads\/2019\/07\/descarga-300x300.png 300w, https:\/\/jocoenfer.coecadiz.com\/wp-content\/uploads\/2019\/07\/descarga-150x150.png 150w, https:\/\/jocoenfer.coecadiz.com\/wp-content\/uploads\/2019\/07\/descarga.png 512w\" sizes=\"(max-width: 44px) 100vw, 44px\" \/><\/a><\/td>\n<\/tr>\n<tr>\n<td>Descarga plantilla para proyectos de investigaci\u00f3n (Formato Word)<\/td>\n<td><a href=\"https:\/\/jocoenfer.coecadiz.com\/wp-content\/uploads\/2023\/10\/plantilla-para-trabajos-proyectos-de-investigacion.doc\"><img loading=\"lazy\" class=\"aligncenter wp-image-375\" src=\"https:\/\/jocoenfer.coecadiz.com\/wp-content\/uploads\/2019\/07\/descarga-300x300.png\" alt=\"\" width=\"44\" height=\"44\" srcset=\"https:\/\/jocoenfer.coecadiz.com\/wp-content\/uploads\/2019\/07\/descarga-300x300.png 300w, https:\/\/jocoenfer.coecadiz.com\/wp-content\/uploads\/2019\/07\/descarga-150x150.png 150w, https:\/\/jocoenfer.coecadiz.com\/wp-content\/uploads\/2019\/07\/descarga.png 512w\" sizes=\"(max-width: 44px) 100vw, 44px\" \/><\/a><\/td>\n<\/tr>\n<\/tbody>\n<\/table>\n<p><strong>\u00a0<\/strong><\/p>\n<p><a href=\"https:\/\/coecadiz.com\/pagina-prueba-presentacion-trabajos-las-jornadas\/\"><img loading=\"lazy\" class=\"aligncenter wp-image-137 size-full\" src=\"https:\/\/jocoenfer.coecadiz.com\/wp-content\/uploads\/2018\/07\/boton-trabajo.jpg\" alt=\"\" width=\"548\" height=\"120\" srcset=\"https:\/\/jocoenfer.coecadiz.com\/wp-content\/uploads\/2018\/07\/boton-trabajo.jpg 548w, https:\/\/jocoenfer.coecadiz.com\/wp-content\/uploads\/2018\/07\/boton-trabajo-300x66.jpg 300w\" sizes=\"(max-width: 548px) 100vw, 548px\" \/><\/a><\/p>\n<h3 style=\"text-align: center;\"><\/h3>\n","protected":false},"excerpt":{"rendered":"<p>A las VII Jornadas sobre Conocimiento Enfermero se podr\u00e1n presentar todo tipo de trabajos de investigaci\u00f3n: Publicaciones, Ensayos cl\u00ednicos, Trabajos Fin de Grado, Fin de M\u00e1ster o Tesis doctorales. De esta manera, se pretende entremezclar los puntos de vista de distintas generaciones de enfermeros y dar a conocer la producci\u00f3n cient\u00edfica del colectivo profesional de<\/p><\/div>\n<div class=\"blog-btn\"><a href=\"https:\/\/jocoenfer.coecadiz.com\/?page_id=107\" class=\"home-blog-btn\">Leer m\u00e1s<\/a><\/p>\n","protected":false},"author":3,"featured_media":0,"parent":0,"menu_order":0,"comment_status":"closed","ping_status":"closed","template":"template\/template-page-full-width.php","meta":[],"_links":{"self":[{"href":"https:\/\/jocoenfer.coecadiz.com\/index.php?rest_route=\/wp\/v2\/pages\/107"}],"collection":[{"href":"https:\/\/jocoenfer.coecadiz.com\/index.php?rest_route=\/wp\/v2\/pages"}],"about":[{"href":"https:\/\/jocoenfer.coecadiz.com\/index.php?rest_route=\/wp\/v2\/types\/page"}],"author":[{"embeddable":true,"href":"https:\/\/jocoenfer.coecadiz.com\/index.php?rest_route=\/wp\/v2\/users\/3"}],"replies":[{"embeddable":true,"href":"https:\/\/jocoenfer.coecadiz.com\/index.php?rest_route=%2Fwp%2Fv2%2Fcomments&post=107"}],"version-history":[{"count":33,"href":"https:\/\/jocoenfer.coecadiz.com\/index.php?rest_route=\/wp\/v2\/pages\/107\/revisions"}],"predecessor-version":[{"id":749,"href":"https:\/\/jocoenfer.coecadiz.com\/index.php?rest_route=\/wp\/v2\/pages\/107\/revisions\/749"}],"wp:attachment":[{"href":"https:\/\/jocoenfer.coecadiz.com\/index.php?rest_route=%2Fwp%2Fv2%2Fmedia&parent=107"}],"curies":[{"name":"wp","href":"https:\/\/api.w.org\/{rel}","templated":true}]}}