{"id":667,"date":"2025-06-17T11:24:27","date_gmt":"2025-06-17T09:24:27","guid":{"rendered":"https:\/\/jocoenfer.coecadiz.com\/?page_id=667"},"modified":"2025-07-08T12:16:12","modified_gmt":"2025-07-08T10:16:12","slug":"la-investigacion-enfermera-al-servicio-de-las-personas-con-problemas-cronicos-de-salud","status":"publish","type":"page","link":"https:\/\/jocoenfer.coecadiz.com\/?page_id=667","title":{"rendered":"La investigaci\u00f3n enfermera al servicio de las personas con problemas cr\u00f3nicos de salud"},"content":{"rendered":"\n<div class=\"wp-block-image\"><figure class=\"alignleft size-large is-resized\"><img loading=\"lazy\" src=\"https:\/\/jocoenfer.coecadiz.com\/wp-content\/uploads\/2025\/06\/Mesa-Redonda--724x1024.jpg\" alt=\"\" class=\"wp-image-668\" width=\"165\" height=\"233\" srcset=\"https:\/\/jocoenfer.coecadiz.com\/wp-content\/uploads\/2025\/06\/Mesa-Redonda--724x1024.jpg 724w, https:\/\/jocoenfer.coecadiz.com\/wp-content\/uploads\/2025\/06\/Mesa-Redonda--212x300.jpg 212w, https:\/\/jocoenfer.coecadiz.com\/wp-content\/uploads\/2025\/06\/Mesa-Redonda--768x1086.jpg 768w, https:\/\/jocoenfer.coecadiz.com\/wp-content\/uploads\/2025\/06\/Mesa-Redonda--1086x1536.jpg 1086w, https:\/\/jocoenfer.coecadiz.com\/wp-content\/uploads\/2025\/06\/Mesa-Redonda-.jpg 1414w\" sizes=\"(max-width: 165px) 100vw, 165px\" \/><\/figure><\/div>\n\n\n\n<p>El programa de actividades de la VII Semana del Conocimiento Enfermero arrancar\u00e1 el 14 de octubre de 2025 con una mesa redonda que bajo el t\u00edtulo \u00abLa Investigaci\u00f3n enfermera al servicio de las personas con problemas cr\u00f3nicos de salud\u00bb abordar\u00e1 las estrategias, intervenciones y modelos de atenci\u00f3n que optimicen la gesti\u00f3n de enfermedades cr\u00f3nicas, promuevan el autocuidado y mejoren la calidad de vida de los pacientes.&nbsp;<\/p>\n\n\n\n<p>Se trata de una actividad divulgativa dirigida a poblaci\u00f3n general, asociaciones de ciudadanos, asociaciones de pacientes y familiares, medios de comunicaci\u00f3n, profesionales sanitarios y estudiantes de grado de disciplinas sanitarias.<\/p>\n\n\n\n<p>La cita se desarrollar\u00e1 en el Aulario La Bomba e intervendr\u00e1n los enfermeros: Jos\u00e9 Manuel Mart\u00ednez Nieto, Ana Mar\u00eda Garc\u00eda Alcaraz, Manuel Rodr\u00edguez Palma y Sara Alameda Salazar. Estar\u00e1 moderada por Carmen Ruiz Barbosa.<\/p>\n\n\n\n<p><strong><a href=\"https:\/\/jocoenfer.coecadiz.com\/wp-content\/uploads\/2025\/07\/PROGRAMA-MESA-REDONDA-impresion.pdf\">Descargar Programa Mesa Redonda <\/a><\/strong><\/p>\n","protected":false},"excerpt":{"rendered":"<p>El programa de actividades de la VII Semana del Conocimiento Enfermero arrancar\u00e1 el 14 de octubre de 2025 con una mesa redonda que bajo el t\u00edtulo \u00abLa Investigaci\u00f3n enfermera al servicio de las personas con problemas cr\u00f3nicos de salud\u00bb abordar\u00e1 las estrategias, intervenciones y modelos de atenci\u00f3n que optimicen la gesti\u00f3n de enfermedades cr\u00f3nicas, promuevan<\/p><\/div>\n<div class=\"blog-btn\"><a href=\"https:\/\/jocoenfer.coecadiz.com\/?page_id=667\" class=\"home-blog-btn\">Leer m\u00e1s<\/a><\/p>\n","protected":false},"author":3,"featured_media":0,"parent":0,"menu_order":0,"comment_status":"closed","ping_status":"closed","template":"","meta":[],"_links":{"self":[{"href":"https:\/\/jocoenfer.coecadiz.com\/index.php?rest_route=\/wp\/v2\/pages\/667"}],"collection":[{"href":"https:\/\/jocoenfer.coecadiz.com\/index.php?rest_route=\/wp\/v2\/pages"}],"about":[{"href":"https:\/\/jocoenfer.coecadiz.com\/index.php?rest_route=\/wp\/v2\/types\/page"}],"author":[{"embeddable":true,"href":"https:\/\/jocoenfer.coecadiz.com\/index.php?rest_route=\/wp\/v2\/users\/3"}],"replies":[{"embeddable":true,"href":"https:\/\/jocoenfer.coecadiz.com\/index.php?rest_route=%2Fwp%2Fv2%2Fcomments&post=667"}],"version-history":[{"count":3,"href":"https:\/\/jocoenfer.coecadiz.com\/index.php?rest_route=\/wp\/v2\/pages\/667\/revisions"}],"predecessor-version":[{"id":736,"href":"https:\/\/jocoenfer.coecadiz.com\/index.php?rest_route=\/wp\/v2\/pages\/667\/revisions\/736"}],"wp:attachment":[{"href":"https:\/\/jocoenfer.coecadiz.com\/index.php?rest_route=%2Fwp%2Fv2%2Fmedia&parent=667"}],"curies":[{"name":"wp","href":"https:\/\/api.w.org\/{rel}","templated":true}]}}